{"id":2835,"date":"2025-03-21T13:56:55","date_gmt":"2025-03-21T13:56:55","guid":{"rendered":"https:\/\/www.bovec-sc.si\/about-us\/"},"modified":"2026-03-11T09:33:52","modified_gmt":"2026-03-11T09:33:52","slug":"o-nas","status":"publish","type":"page","link":"https:\/\/www.bovec-sc.si\/sl\/o-nas\/","title":{"rendered":"O nas"},"content":{"rendered":"\t\t<div data-elementor-type=\"wp-page\" data-elementor-id=\"2835\" class=\"elementor elementor-2835 elementor-70\" data-elementor-post-type=\"page\">\n\t\t\t\t<div class=\"wd-negative-gap elementor-element elementor-element-2947d4d e-flex e-con-boxed e-con e-parent\" data-id=\"2947d4d\" data-element_type=\"container\" data-e-type=\"container\" data-settings=\"{&quot;background_background&quot;:&quot;classic&quot;}\">\n\t\t\t\t\t<div class=\"e-con-inner\">\n\t\t<div class=\"elementor-element elementor-element-dfafaf2 e-con-full e-flex e-con e-child\" data-id=\"dfafaf2\" data-element_type=\"container\" data-e-type=\"container\">\n\t\t\t\t<div class=\"elementor-element elementor-element-65e084a elementor-widget__width-initial elementor-widget-tablet__width-inherit wd-width-100 elementor-widget elementor-widget-wd_title\" data-id=\"65e084a\" data-element_type=\"widget\" data-e-type=\"widget\" data-widget_type=\"wd_title.default\">\n\t\t\t\t<div class=\"elementor-widget-container\">\n\t\t\t\t\t\t\t<div class=\"title-wrapper wd-set-mb reset-last-child wd-title-color-primary wd-title-style-default wd-title-size-extra-large text-left\">\n\n\t\t\t\t\t\t\t\t\t\t\t<div class=\"title-subtitle subtitle-color-primary subtitle-style-default wd-fontsize-m\">\n\t\t\t\t\tO nas\t\t\t\t<\/div>\n\t\t\t\n\t\t\t<div class=\"liner-continer\">\n\t\t\t\t<h1 class=\"woodmart-title-container title wd-fontsize-xxxl\">Bovec \u0160port Center<\/h1> \n\t\t\t\t\t\t\t<\/div>\n\n\t\t\t\t\t<\/div>\n\t\t\t\t\t\t<\/div>\n\t\t\t\t<\/div>\n\t\t\t\t<div class=\"elementor-element elementor-element-599243c elementor-position-left bdt-global-link-yes bdt-icon-type-icon bdt-icon-effect-none elementor-widget elementor-widget-bdt-advanced-icon-box\" data-id=\"599243c\" data-element_type=\"widget\" data-e-type=\"widget\" data-widget_type=\"bdt-advanced-icon-box.default\">\n\t\t\t\t\t\t\t<div class=\"bdt-ep-advanced-icon-box\" onclick=\"window.open(&#039;https:\/\/maps.app.goo.gl\/LDZfE137pmg9QaGE9&#039;, &#039;_blank&#039;)\">\n\n\t\t\t\n\t\t\t<div class=\"bdt-ep-advanced-icon-box-content\">\n\n\t\t\t\t\t\t\t\t\t\t\t<div class=\"bdt-ep-advanced-icon-box-icon-heading bdt-flex bdt-flex-middle\">\n\n\t\t\t\n\t\t\t\t\t<div class=\"bdt-ep-advanced-icon-box-icon\">\n\t\t\t\t<span class=\"bdt-ep-advanced-icon-box-icon-wrap\">\n\n\n\t\t\t\t\t\n\t\t\t\t\t\t<i aria-hidden=\"true\" class=\"mdi mdi-map-marker-radius\"><\/i>\n\n\t\t\t\t\t\t\t\t\t<\/span>\n\t\t\t<\/div>\n\t\t\n\t\n\t\t\t<div class=\"bdt-icon-box-title-wrapper\">\n\t\t\t\t\t\t<h3 class=\"bdt-ep-advanced-icon-box-title ep-title-\">\n\t\t\t<span >\n\t\t\t\tDvor 43d, 5230 Bovec\t\t\t<\/span>\n\t\t<\/h3>\n\t\t\t\t\t\t\t\t\t<\/div>\n\t\t<\/div>\n\t\t\t\t\t\n\t\t\t\t\n\t\t\t\t\n\t\t\t\t\t\t\t<\/div>\n\t\t<\/div>\n\n\t\t\n\t\t\n\t\t\t\t<\/div>\n\t\t\t\t<\/div>\n\t\t<div class=\"elementor-element elementor-element-97ac4e3 e-con-full e-flex e-con e-child\" data-id=\"97ac4e3\" data-element_type=\"container\" data-e-type=\"container\">\n\t\t\t\t<div class=\"elementor-element elementor-element-ae0bb91 color-scheme-inherit text-left elementor-widget elementor-widget-text-editor\" data-id=\"ae0bb91\" data-element_type=\"widget\" data-e-type=\"widget\" data-widget_type=\"text-editor.default\">\n\t\t\t\t\t\t\t\t\t<p data-start=\"230\" data-end=\"519\"><strong>Bovec \u0160port Center<\/strong> je lokalni ponudnik izbranih outdoor do\u017eivetij, specializiran za vodene aktivnosti v dolini So\u010de.<br data-start=\"337\" data-end=\"340\" \/>Na\u0161 cilj je gostom ponuditi <strong>dobro organizirana, varna in kakovostna do\u017eivetja v naravi<\/strong>, ki jih vodijo <strong>izku\u0161eni lokalni vodniki<\/strong> z odli\u010dnim poznavanjem reke So\u010de in alpskega okolja.<\/p><p data-start=\"521\" data-end=\"861\">Delujemo skozi vse leto in programe oblikujemo tako, da so pregledni, zanesljivi in prijetni za udele\u017eence. Izogibamo se mno\u017ei\u010dnemu turizmu in nepotrebni zapletenosti. Vsaka aktivnost je na\u010drtovana z upo\u0161tevanjem razmer v naravi, dinamike skupine ter visokih varnostnih standardov, zato se lahko gostje popolnoma posvetijo samemu do\u017eivetju.<\/p>\t\t\t\t\t\t\t\t<\/div>\n\t\t\t\t<\/div>\n\t\t\t\t\t<\/div>\n\t\t\t\t<\/div>\n\t\t<div class=\"elementor-element elementor-element-ba34739 e-flex e-con-boxed e-con e-parent\" data-id=\"ba34739\" data-element_type=\"container\" data-e-type=\"container\">\n\t\t\t\t\t<div class=\"e-con-inner\">\n\t\t<div class=\"elementor-element elementor-element-1b8d87e e-con-full e-flex e-con e-child\" data-id=\"1b8d87e\" data-element_type=\"container\" data-e-type=\"container\">\n\t\t\t\t<div class=\"elementor-element elementor-element-dc3ae8f elementor-widget__width-initial elementor-widget-tablet__width-inherit wd-width-100 elementor-widget elementor-widget-wd_title\" data-id=\"dc3ae8f\" data-element_type=\"widget\" data-e-type=\"widget\" data-widget_type=\"wd_title.default\">\n\t\t\t\t<div class=\"elementor-widget-container\">\n\t\t\t\t\t\t\t<div class=\"title-wrapper wd-set-mb reset-last-child wd-title-color-primary wd-title-style-default wd-title-size-default text-left\">\n\n\t\t\t\n\t\t\t<div class=\"liner-continer\">\n\t\t\t\t<h4 class=\"woodmart-title-container title wd-fontsize-l\">Na\u0161a ekipa<\/h4> \n\t\t\t\t\t\t\t<\/div>\n\n\t\t\t\t\t<\/div>\n\t\t\t\t\t\t<\/div>\n\t\t\t\t<\/div>\n\t\t\t\t<div class=\"elementor-element elementor-element-db72d9f color-scheme-inherit text-left elementor-widget elementor-widget-text-editor\" data-id=\"db72d9f\" data-element_type=\"widget\" data-e-type=\"widget\" data-widget_type=\"text-editor.default\">\n\t\t\t\t\t\t\t\t\t<p data-start=\"883\" data-end=\"1125\">Na\u0161o ekipo sestavljajo <strong>certificirani lokalni vodniki z dolgoletnimi prakti\u010dnimi izku\u0161njami na reki So\u010di<\/strong> in v okoli\u0161kih gorah.<br data-start=\"1008\" data-end=\"1011\" \/>So strokovno usposobljeni, licencirani ter dobro poznajo lokalno okolje v razli\u010dnih vremenskih in vodnih razmerah.<\/p><p data-start=\"1127\" data-end=\"1380\">Aktivnosti izvajamo <strong>v manj\u0161ih skupinah<\/strong>, kar omogo\u010da bolj oseben pristop, jasno komunikacijo in ve\u010djo prilagodljivost med aktivnostjo. Tako lahko vsak udele\u017eenec prejme ustrezna navodila in podporo ter se skozi celotno izku\u0161njo po\u010duti varno in spro\u0161\u010deno.<\/p>\t\t\t\t\t\t\t\t<\/div>\n\t\t\t\t<\/div>\n\t\t<div class=\"elementor-element elementor-element-08a45cd e-con-full e-flex e-con e-child\" data-id=\"08a45cd\" data-element_type=\"container\" data-e-type=\"container\">\n\t\t\t\t<div class=\"elementor-element elementor-element-9e8ddb4 elementor-widget elementor-widget-wd_image_or_svg\" data-id=\"9e8ddb4\" data-element_type=\"widget\" data-e-type=\"widget\" data-widget_type=\"wd_image_or_svg.default\">\n\t\t\t\t<div class=\"elementor-widget-container\">\n\t\t\t\t\t\n\t\t<div class=\"wd-image text-left\">\n\t\t\t\t\t\t\t\t<img loading=\"lazy\" decoding=\"async\" width=\"1920\" height=\"1280\" src=\"https:\/\/www.bovec-sc.si\/wp-content\/uploads\/2026\/01\/Soca-River-Rafting_bovec-sc_02.jpg\" class=\"attachment-full size-full\" alt=\"Soca River Rafting Bovec Sc 02\" srcset=\"https:\/\/www.bovec-sc.si\/wp-content\/uploads\/2026\/01\/Soca-River-Rafting_bovec-sc_02.jpg 1920w, https:\/\/www.bovec-sc.si\/wp-content\/uploads\/2026\/01\/Soca-River-Rafting_bovec-sc_02-430x287.jpg 430w, https:\/\/www.bovec-sc.si\/wp-content\/uploads\/2026\/01\/Soca-River-Rafting_bovec-sc_02-150x100.jpg 150w, https:\/\/www.bovec-sc.si\/wp-content\/uploads\/2026\/01\/Soca-River-Rafting_bovec-sc_02-700x467.jpg 700w, https:\/\/www.bovec-sc.si\/wp-content\/uploads\/2026\/01\/Soca-River-Rafting_bovec-sc_02-400x267.jpg 400w, https:\/\/www.bovec-sc.si\/wp-content\/uploads\/2026\/01\/Soca-River-Rafting_bovec-sc_02-1200x800.jpg 1200w, https:\/\/www.bovec-sc.si\/wp-content\/uploads\/2026\/01\/Soca-River-Rafting_bovec-sc_02-768x512.jpg 768w, https:\/\/www.bovec-sc.si\/wp-content\/uploads\/2026\/01\/Soca-River-Rafting_bovec-sc_02-1536x1024.jpg 1536w\" sizes=\"auto, (max-width: 1920px) 100vw, 1920px\" title=\"O nas\">\t\t\t\t\t<\/div>\n\n\t\t\t\t\t\t<\/div>\n\t\t\t\t<\/div>\n\t\t\t\t<\/div>\n\t\t\t\t\t<\/div>\n\t\t\t\t<\/div>\n\t\t<div class=\"elementor-element elementor-element-6d87594 e-flex e-con-boxed e-con e-parent\" data-id=\"6d87594\" data-element_type=\"container\" data-e-type=\"container\">\n\t\t\t\t\t<div class=\"e-con-inner\">\n\t\t<div class=\"elementor-element elementor-element-ab97716 e-con-full e-flex e-con e-child\" data-id=\"ab97716\" data-element_type=\"container\" data-e-type=\"container\">\n\t\t\t\t<div class=\"elementor-element elementor-element-e1883bc elementor-widget__width-initial elementor-widget-tablet__width-inherit wd-width-100 elementor-widget elementor-widget-wd_title\" data-id=\"e1883bc\" data-element_type=\"widget\" data-e-type=\"widget\" data-widget_type=\"wd_title.default\">\n\t\t\t\t<div class=\"elementor-widget-container\">\n\t\t\t\t\t\t\t<div class=\"title-wrapper wd-set-mb reset-last-child wd-title-color-primary wd-title-style-default wd-title-size-default text-left\">\n\n\t\t\t\n\t\t\t<div class=\"liner-continer\">\n\t\t\t\t<h4 class=\"woodmart-title-container title wd-fontsize-l\">Varnost in standardi<\/h4> \n\t\t\t\t\t\t\t<\/div>\n\n\t\t\t\t\t<\/div>\n\t\t\t\t\t\t<\/div>\n\t\t\t\t<\/div>\n\t\t\t\t<div class=\"elementor-element elementor-element-010e30e color-scheme-inherit text-left elementor-widget elementor-widget-text-editor\" data-id=\"010e30e\" data-element_type=\"widget\" data-e-type=\"widget\" data-widget_type=\"text-editor.default\">\n\t\t\t\t\t\t\t\t\t<p data-start=\"1412\" data-end=\"1442\"><strong>Varnost je temelj na\u0161ega dela.<\/strong><\/p><ul><li data-start=\"1446\" data-end=\"1479\">licencirani in izku\u0161eni vodniki<\/li><li data-start=\"1482\" data-end=\"1521\">preverjena in redno vzdr\u017eevana oprema<\/li><li data-start=\"1524\" data-end=\"1573\">jasna varnostna navodila pred vsako aktivnostjo<\/li><li data-start=\"1576\" data-end=\"1653\">programi prilagojeni vremenskim razmeram, vodostaju in sposobnostim skupine<\/li><\/ul><p data-start=\"1655\" data-end=\"1763\">Verjamemo, da mora biti dobro vodeno do\u017eivetje v naravi naravno, umirjeno in dobro organizirano. Tako lahko gostje dolino So\u010de do\u017eivijo spro\u0161\u010deno in samozavestno \u2014 ne glede na to, ali jo obiskujejo prvi\u010d ali pa se radi vra\u010dajo.<\/p>\t\t\t\t\t\t\t\t<\/div>\n\t\t\t\t<\/div>\n\t\t<div class=\"elementor-element elementor-element-b13376e e-con-full e-flex e-con e-child\" data-id=\"b13376e\" data-element_type=\"container\" data-e-type=\"container\">\n\t\t\t\t<div class=\"elementor-element elementor-element-ebfc34c elementor-widget elementor-widget-wd_image_or_svg\" data-id=\"ebfc34c\" data-element_type=\"widget\" data-e-type=\"widget\" data-widget_type=\"wd_image_or_svg.default\">\n\t\t\t\t<div class=\"elementor-widget-container\">\n\t\t\t\t\t\n\t\t<div class=\"wd-image text-left\">\n\t\t\t\t\t\t\t\t<img loading=\"lazy\" decoding=\"async\" width=\"1600\" height=\"1067\" src=\"https:\/\/www.bovec-sc.si\/wp-content\/uploads\/2026\/01\/Bovec-sport-Center_outdoor_01.jpg\" class=\"attachment-full size-full\" alt=\"Bovec Sport Center Outdoor 01\" srcset=\"https:\/\/www.bovec-sc.si\/wp-content\/uploads\/2026\/01\/Bovec-sport-Center_outdoor_01.jpg 1600w, https:\/\/www.bovec-sc.si\/wp-content\/uploads\/2026\/01\/Bovec-sport-Center_outdoor_01-430x287.jpg 430w, https:\/\/www.bovec-sc.si\/wp-content\/uploads\/2026\/01\/Bovec-sport-Center_outdoor_01-150x100.jpg 150w, https:\/\/www.bovec-sc.si\/wp-content\/uploads\/2026\/01\/Bovec-sport-Center_outdoor_01-700x467.jpg 700w, https:\/\/www.bovec-sc.si\/wp-content\/uploads\/2026\/01\/Bovec-sport-Center_outdoor_01-400x267.jpg 400w, https:\/\/www.bovec-sc.si\/wp-content\/uploads\/2026\/01\/Bovec-sport-Center_outdoor_01-1200x800.jpg 1200w, https:\/\/www.bovec-sc.si\/wp-content\/uploads\/2026\/01\/Bovec-sport-Center_outdoor_01-768x512.jpg 768w, https:\/\/www.bovec-sc.si\/wp-content\/uploads\/2026\/01\/Bovec-sport-Center_outdoor_01-1536x1024.jpg 1536w\" sizes=\"auto, (max-width: 1600px) 100vw, 1600px\" title=\"O nas\">\t\t\t\t\t<\/div>\n\n\t\t\t\t\t\t<\/div>\n\t\t\t\t<\/div>\n\t\t\t\t<\/div>\n\t\t\t\t\t<\/div>\n\t\t\t\t<\/div>\n\t\t<div class=\"elementor-element elementor-element-718e6cb e-flex e-con-boxed e-con e-parent\" data-id=\"718e6cb\" data-element_type=\"container\" data-e-type=\"container\">\n\t\t\t\t\t<div class=\"e-con-inner\">\n\t\t<div class=\"elementor-element elementor-element-bb6cf13 e-con-full e-flex e-con e-child\" data-id=\"bb6cf13\" data-element_type=\"container\" data-e-type=\"container\">\n\t\t\t\t<div class=\"elementor-element elementor-element-36131c3 elementor-widget__width-initial elementor-widget-tablet__width-inherit wd-width-100 elementor-widget elementor-widget-wd_title\" data-id=\"36131c3\" data-element_type=\"widget\" data-e-type=\"widget\" data-widget_type=\"wd_title.default\">\n\t\t\t\t<div class=\"elementor-widget-container\">\n\t\t\t\t\t\t\t<div class=\"title-wrapper wd-set-mb reset-last-child wd-title-color-primary wd-title-style-default wd-title-size-default text-left\">\n\n\t\t\t\n\t\t\t<div class=\"liner-continer\">\n\t\t\t\t<h4 class=\"woodmart-title-container title wd-fontsize-l\">Na\u0161 pristop<\/h4> \n\t\t\t\t\t\t\t<\/div>\n\n\t\t\t\t\t<\/div>\n\t\t\t\t\t\t<\/div>\n\t\t\t\t<\/div>\n\t\t\t\t<div class=\"elementor-element elementor-element-6687f3b color-scheme-inherit text-left elementor-widget elementor-widget-text-editor\" data-id=\"6687f3b\" data-element_type=\"widget\" data-e-type=\"widget\" data-widget_type=\"text-editor.default\">\n\t\t\t\t\t\t\t\t\t<p data-start=\"1617\" data-end=\"1653\">Na\u0161 pristop je preprost in dosleden:<\/p><ul><li data-start=\"1657\" data-end=\"1673\"><strong>majhne skupine<\/strong><\/li><li data-start=\"1676\" data-end=\"1690\"><strong>brez hitenja<\/strong><\/li><li data-start=\"1693\" data-end=\"1713\"><strong>jasna organizacija<\/strong><\/li><li data-start=\"1716\" data-end=\"1736\"><strong>spo\u0161tovanje narave<\/strong><\/li><\/ul><p data-start=\"1738\" data-end=\"1963\">Verjamemo, da mora biti dobro vodeno do\u017eivetje v naravi naravno, umirjeno in dobro organizirano. Tako lahko gostje dolino So\u010de do\u017eivijo spro\u0161\u010deno in samozavestno \u2014 ne glede na to, ali jo obiskujejo prvi\u010d ali se vra\u010dajo znova.<\/p>\t\t\t\t\t\t\t\t<\/div>\n\t\t\t\t<\/div>\n\t\t<div class=\"elementor-element elementor-element-acab19c e-con-full e-flex e-con e-child\" data-id=\"acab19c\" data-element_type=\"container\" data-e-type=\"container\">\n\t\t\t\t<div class=\"elementor-element elementor-element-f83c709 elementor-widget elementor-widget-wd_image_or_svg\" data-id=\"f83c709\" data-element_type=\"widget\" data-e-type=\"widget\" data-widget_type=\"wd_image_or_svg.default\">\n\t\t\t\t<div class=\"elementor-widget-container\">\n\t\t\t\t\t\n\t\t<div class=\"wd-image text-left\">\n\t\t\t\t\t\t\t\t<img loading=\"lazy\" decoding=\"async\" width=\"1600\" height=\"1067\" src=\"https:\/\/www.bovec-sc.si\/wp-content\/uploads\/2026\/02\/Monster-roller_bovec_09.jpg\" class=\"attachment-full size-full\" alt=\"Monster Roller Bovec 09\" srcset=\"https:\/\/www.bovec-sc.si\/wp-content\/uploads\/2026\/02\/Monster-roller_bovec_09.jpg 1600w, https:\/\/www.bovec-sc.si\/wp-content\/uploads\/2026\/02\/Monster-roller_bovec_09-430x287.jpg 430w, https:\/\/www.bovec-sc.si\/wp-content\/uploads\/2026\/02\/Monster-roller_bovec_09-150x100.jpg 150w, https:\/\/www.bovec-sc.si\/wp-content\/uploads\/2026\/02\/Monster-roller_bovec_09-700x467.jpg 700w, https:\/\/www.bovec-sc.si\/wp-content\/uploads\/2026\/02\/Monster-roller_bovec_09-400x267.jpg 400w, https:\/\/www.bovec-sc.si\/wp-content\/uploads\/2026\/02\/Monster-roller_bovec_09-1200x800.jpg 1200w, https:\/\/www.bovec-sc.si\/wp-content\/uploads\/2026\/02\/Monster-roller_bovec_09-768x512.jpg 768w, https:\/\/www.bovec-sc.si\/wp-content\/uploads\/2026\/02\/Monster-roller_bovec_09-1536x1024.jpg 1536w\" sizes=\"auto, (max-width: 1600px) 100vw, 1600px\" title=\"O nas\">\t\t\t\t\t<\/div>\n\n\t\t\t\t\t\t<\/div>\n\t\t\t\t<\/div>\n\t\t\t\t<\/div>\n\t\t\t\t\t<\/div>\n\t\t\t\t<\/div>\n\t\t<div class=\"elementor-element elementor-element-62ac61e e-flex e-con-boxed e-con e-parent\" data-id=\"62ac61e\" data-element_type=\"container\" data-e-type=\"container\">\n\t\t\t\t\t<div class=\"e-con-inner\">\n\t\t<div class=\"elementor-element elementor-element-2b6a9e3 e-con-full e-flex e-con e-child\" data-id=\"2b6a9e3\" data-element_type=\"container\" data-e-type=\"container\">\n\t\t\t\t<\/div>\n\t\t<div class=\"elementor-element elementor-element-6825ca2 e-con-full e-flex e-con e-child\" data-id=\"6825ca2\" data-element_type=\"container\" data-e-type=\"container\">\n\t\t\t\t<div class=\"elementor-element elementor-element-369ad19 elementor-widget__width-initial elementor-widget-tablet__width-inherit wd-width-100 elementor-widget elementor-widget-wd_title\" data-id=\"369ad19\" data-element_type=\"widget\" data-e-type=\"widget\" data-widget_type=\"wd_title.default\">\n\t\t\t\t<div class=\"elementor-widget-container\">\n\t\t\t\t\t\t\t<div class=\"title-wrapper wd-set-mb reset-last-child wd-title-color-primary wd-title-style-default wd-title-size-default text-left\">\n\n\t\t\t\n\t\t\t<div class=\"liner-continer\">\n\t\t\t\t<h4 class=\"woodmart-title-container title wd-fontsize-l\">Podatki podjetja<\/h4> \n\t\t\t\t\t\t\t<\/div>\n\n\t\t\t\t\t<\/div>\n\t\t\t\t\t\t<\/div>\n\t\t\t\t<\/div>\n\t\t\t\t<div class=\"elementor-element elementor-element-93d82fd color-scheme-inherit text-left elementor-widget elementor-widget-text-editor\" data-id=\"93d82fd\" data-element_type=\"widget\" data-e-type=\"widget\" data-widget_type=\"text-editor.default\">\n\t\t\t\t\t\t\t\t\t<p data-start=\"1617\" data-end=\"1653\"><strong>VIRJE d.o.o.<\/strong><\/p><p data-start=\"1617\" data-end=\"1653\">Kot 2, 5230 Bovec<\/p><p data-start=\"1617\" data-end=\"1653\">ID za DDV (VAT): SI90775503<\/p><p data-start=\"1617\" data-end=\"1653\">Mati\u010dna \u0161t.: 9320024000<\/p><p data-start=\"1617\" data-end=\"1653\">IBAN: SI56 6100 0003 0039 986<\/p><p data-start=\"1617\" data-end=\"1653\">Swift \/ BIC: HDELSI22<\/p>\t\t\t\t\t\t\t\t<\/div>\n\t\t\t\t<\/div>\n\t\t\t\t\t<\/div>\n\t\t\t\t<\/div>\n\t\t<div class=\"wd-negative-gap elementor-element elementor-element-ec78a17 e-flex e-con-boxed e-con e-parent\" data-id=\"ec78a17\" data-element_type=\"container\" data-e-type=\"container\" data-settings=\"{&quot;background_background&quot;:&quot;classic&quot;}\">\n\t\t\t\t\t<div class=\"e-con-inner\">\n\t\t<div class=\"elementor-element elementor-element-d684893 e-con-full e-flex e-con e-child\" data-id=\"d684893\" data-element_type=\"container\" data-e-type=\"container\">\n\t\t\t\t<div class=\"elementor-element elementor-element-3a17821 wd-animation-zoom-in wd_delay_200 wd-animation-normal wd-animation wd-transform elementor-widget elementor-widget-wd_image_or_svg\" data-id=\"3a17821\" data-element_type=\"widget\" data-e-type=\"widget\" data-widget_type=\"wd_image_or_svg.default\">\n\t\t\t\t<div class=\"elementor-widget-container\">\n\t\t\t\t\t\n\t\t<div class=\"wd-image text-left\">\n\t\t\t\t\t\t\t\t<img loading=\"lazy\" decoding=\"async\" width=\"1279\" height=\"981\" src=\"https:\/\/www.bovec-sc.si\/wp-content\/uploads\/2026\/02\/glamping-virje-about-us_1.jpg\" class=\"attachment-full size-full\" alt=\"Glamping Virje About Us 1\" srcset=\"https:\/\/www.bovec-sc.si\/wp-content\/uploads\/2026\/02\/glamping-virje-about-us_1.jpg 1279w, https:\/\/www.bovec-sc.si\/wp-content\/uploads\/2026\/02\/glamping-virje-about-us_1-430x330.jpg 430w, https:\/\/www.bovec-sc.si\/wp-content\/uploads\/2026\/02\/glamping-virje-about-us_1-150x115.jpg 150w, https:\/\/www.bovec-sc.si\/wp-content\/uploads\/2026\/02\/glamping-virje-about-us_1-700x537.jpg 700w, https:\/\/www.bovec-sc.si\/wp-content\/uploads\/2026\/02\/glamping-virje-about-us_1-391x300.jpg 391w, https:\/\/www.bovec-sc.si\/wp-content\/uploads\/2026\/02\/glamping-virje-about-us_1-1043x800.jpg 1043w, https:\/\/www.bovec-sc.si\/wp-content\/uploads\/2026\/02\/glamping-virje-about-us_1-768x589.jpg 768w\" sizes=\"auto, (max-width: 1279px) 100vw, 1279px\" title=\"O nas\">\t\t\t\t\t<\/div>\n\n\t\t\t\t\t\t<\/div>\n\t\t\t\t<\/div>\n\t\t\t\t<\/div>\n\t\t<div class=\"elementor-element elementor-element-9472438 e-con-full e-flex e-con e-child\" data-id=\"9472438\" data-element_type=\"container\" data-e-type=\"container\">\n\t\t\t\t<div class=\"elementor-element elementor-element-e0fb062 elementor-widget__width-initial elementor-widget-tablet__width-inherit wd-width-100 elementor-widget elementor-widget-wd_title\" data-id=\"e0fb062\" data-element_type=\"widget\" data-e-type=\"widget\" data-widget_type=\"wd_title.default\">\n\t\t\t\t<div class=\"elementor-widget-container\">\n\t\t\t\t\t\t\t<div class=\"title-wrapper wd-set-mb reset-last-child wd-title-color-primary wd-title-style-default wd-title-size-default text-left\">\n\n\t\t\t\n\t\t\t<div class=\"liner-continer\">\n\t\t\t\t<h4 class=\"woodmart-title-container title wd-fontsize-l\">V povezavi z Glampingom Virje<\/h4> \n\t\t\t\t\t\t\t<\/div>\n\n\t\t\t\t\t<\/div>\n\t\t\t\t\t\t<\/div>\n\t\t\t\t<\/div>\n\t\t\t\t<div class=\"elementor-element elementor-element-64a0d94 color-scheme-inherit text-left elementor-widget elementor-widget-text-editor\" data-id=\"64a0d94\" data-element_type=\"widget\" data-e-type=\"widget\" data-widget_type=\"text-editor.default\">\n\t\t\t\t\t\t\t\t\t<p data-start=\"140\" data-end=\"376\">Poleg na\u0161ih osnovnih outdoor aktivnosti tesno sodelujemo tudi z <strong data-start=\"204\" data-end=\"222\">Glamping Virje<\/strong>.<br data-start=\"223\" data-end=\"226\" \/>Gostom, ki bivajo v Glampingu Virje, to omogo\u010da neposreden dostop do na\u0161ih programov, usklajeno organizacijo aktivnosti ter posebne ugodnosti za goste.<\/p><p data-start=\"378\" data-end=\"566\">Povezava med vodenimi outdoor do\u017eivetji in kakovostno nastanitvijo ustvarja celovito izku\u0161njo doline So\u010de \u2014 aktivni dnevi v naravi, ki jim sledi po\u010ditek in udobje v mirnem naravnem okolju.<\/p>\t\t\t\t\t\t\t\t<\/div>\n\t\t\t\t<div class=\"elementor-element elementor-element-477071e elementor-widget__width-initial elementor-widget-tablet__width-inherit wd-width-100 elementor-widget elementor-widget-wd_title\" data-id=\"477071e\" data-element_type=\"widget\" data-e-type=\"widget\" data-widget_type=\"wd_title.default\">\n\t\t\t\t<div class=\"elementor-widget-container\">\n\t\t\t\t\t\t\t<div class=\"title-wrapper wd-set-mb reset-last-child wd-title-color-gradient wd-title-style-default wd-title-size-default text-left\">\n\n\t\t\t\n\t\t\t<div class=\"liner-continer\">\n\t\t\t\t<h4 class=\"woodmart-title-container title wd-fontsize-l\">Glamping Virje \u2014 kjer preprostost postane na\u010din \u017eivljenja.<\/h4> \n\t\t\t\t\t\t\t<\/div>\n\n\t\t\t\t\t<\/div>\n\t\t\t\t\t\t<\/div>\n\t\t\t\t<\/div>\n\t\t\t\t<div class=\"elementor-element elementor-element-83209e3 elementor-align-left elementor-widget__width-auto elementor-widget elementor-widget-bdt-advanced-button\" data-id=\"83209e3\" data-element_type=\"widget\" data-e-type=\"widget\" data-widget_type=\"bdt-advanced-button.default\">\n\t\t\t\t\t\t\t<div class=\"bdt-ep-button-wrapper\">\n\t\t\t<a href=\"https:\/\/www.virje.si\/sl\/\" target=\"_blank\" class=\"bdt-ep-button bdt-ep-button-effect-a bdt-ep-button-size-md\">\n\t\t\t\t\t\t<div class=\"bdt-ep-button-content-wrapper bdt-flex bdt-flex-middle bdt-flex-center\" data-text=\"Va\u0161a nastanitev v dolini So\u010de\">\n\t\t\t\n\t\t\t<div class=\"bdt-ep-button-text\">\n\n\t\t\t\t<span class=\"avdbtn-text\">\n\t\t\t\t\tVa\u0161a nastanitev v dolini So\u010de\t\t\t\t<\/span>\n\n\t\t\t\t\t\t\t<\/div>\n\n\t\t\t\n\t\t<\/div>\n\t\t\t\t\t<\/a>\n\t\t<\/div>\n\t\t\t\t\t\t<\/div>\n\t\t\t\t<\/div>\n\t\t\t\t\t<\/div>\n\t\t\t\t<\/div>\n\t\t\t\t<\/div>\n\t\t","protected":false},"excerpt":{"rendered":"<p>O nas Bovec \u0160port Center Dvor 43d, 5230 Bovec Bovec \u0160port Center je lokalni ponudnik izbranih outdoor do\u017eivetij, specializiran za<\/p>\n","protected":false},"author":1,"featured_media":0,"parent":0,"menu_order":7,"comment_status":"closed","ping_status":"closed","template":"","meta":{"_acf_changed":false,"iawp_total_views":4,"footnotes":""},"class_list":["post-2835","page","type-page","status-publish","hentry"],"acf":[],"_links":{"self":[{"href":"https:\/\/www.bovec-sc.si\/sl\/wp-json\/wp\/v2\/pages\/2835","targetHints":{"allow":["GET"]}}],"collection":[{"href":"https:\/\/www.bovec-sc.si\/sl\/wp-json\/wp\/v2\/pages"}],"about":[{"href":"https:\/\/www.bovec-sc.si\/sl\/wp-json\/wp\/v2\/types\/page"}],"author":[{"embeddable":true,"href":"https:\/\/www.bovec-sc.si\/sl\/wp-json\/wp\/v2\/users\/1"}],"replies":[{"embeddable":true,"href":"https:\/\/www.bovec-sc.si\/sl\/wp-json\/wp\/v2\/comments?post=2835"}],"version-history":[{"count":26,"href":"https:\/\/www.bovec-sc.si\/sl\/wp-json\/wp\/v2\/pages\/2835\/revisions"}],"predecessor-version":[{"id":3706,"href":"https:\/\/www.bovec-sc.si\/sl\/wp-json\/wp\/v2\/pages\/2835\/revisions\/3706"}],"wp:attachment":[{"href":"https:\/\/www.bovec-sc.si\/sl\/wp-json\/wp\/v2\/media?parent=2835"}],"curies":[{"name":"wp","href":"https:\/\/api.w.org\/{rel}","templated":true}]}}