{"id":2906,"date":"2025-09-30T07:01:35","date_gmt":"2025-09-30T07:01:35","guid":{"rendered":"https:\/\/www.bovec-sc.si\/activities\/"},"modified":"2026-03-11T13:09:10","modified_gmt":"2026-03-11T13:09:10","slug":"dozivetja","status":"publish","type":"page","link":"https:\/\/www.bovec-sc.si\/sl\/dozivetja\/","title":{"rendered":"Do\u017eivetja"},"content":{"rendered":"\t\t<div data-elementor-type=\"wp-page\" data-elementor-id=\"2906\" class=\"elementor elementor-2906 elementor-2\" data-elementor-post-type=\"page\">\n\t\t\t\t<div class=\"wd-negative-gap elementor-element elementor-element-4305db8e e-flex e-con-boxed e-con e-parent\" data-id=\"4305db8e\" data-element_type=\"container\" data-e-type=\"container\">\n\t\t\t\t\t<div class=\"e-con-inner\">\n\t\t\t\t<div class=\"elementor-element elementor-element-524f101d color-scheme-inherit text-left elementor-widget elementor-widget-text-editor\" data-id=\"524f101d\" data-element_type=\"widget\" data-e-type=\"widget\" data-widget_type=\"text-editor.default\">\n\t\t\t\t\t\t\t\t\t\n<p><a href=\"https:\/\/www.virje.si\/about-us\/\"><\/a><\/p>\n\t\t\t\t\t\t\t\t<\/div>\n\t\t\t\t\t<\/div>\n\t\t\t\t<\/div>\n\t\t<div class=\"wd-negative-gap elementor-element elementor-element-fc7389d e-flex e-con-boxed e-con e-parent\" data-id=\"fc7389d\" data-element_type=\"container\" data-e-type=\"container\">\n\t\t\t\t\t<div class=\"e-con-inner\">\n\t\t\t\t<div class=\"elementor-element elementor-element-5e869e0 elementor-widget__width-initial elementor-widget elementor-widget-wd_image_or_svg\" data-id=\"5e869e0\" data-element_type=\"widget\" data-e-type=\"widget\" data-widget_type=\"wd_image_or_svg.default\">\n\t\t\t\t<div class=\"elementor-widget-container\">\n\t\t\t\t\t\n\t\t<div class=\"wd-image text-left\">\n\t\t\t\t\t\t\t\t<img loading=\"lazy\" decoding=\"async\" width=\"960\" height=\"375\" src=\"https:\/\/www.bovec-sc.si\/wp-content\/uploads\/2026\/02\/authentic-exp.png\" class=\"attachment-full size-full\" alt=\"Authentic Exp\" srcset=\"https:\/\/www.bovec-sc.si\/wp-content\/uploads\/2026\/02\/authentic-exp.png 960w, https:\/\/www.bovec-sc.si\/wp-content\/uploads\/2026\/02\/authentic-exp-430x168.png 430w, https:\/\/www.bovec-sc.si\/wp-content\/uploads\/2026\/02\/authentic-exp-150x59.png 150w, https:\/\/www.bovec-sc.si\/wp-content\/uploads\/2026\/02\/authentic-exp-700x273.png 700w, https:\/\/www.bovec-sc.si\/wp-content\/uploads\/2026\/02\/authentic-exp-400x156.png 400w, https:\/\/www.bovec-sc.si\/wp-content\/uploads\/2026\/02\/authentic-exp-768x300.png 768w\" sizes=\"auto, (max-width: 960px) 100vw, 960px\" title=\"Do\u017eivetja\">\t\t\t\t\t<\/div>\n\n\t\t\t\t\t\t<\/div>\n\t\t\t\t<\/div>\n\t\t\t\t<div class=\"elementor-element elementor-element-f53084e color-scheme-inherit text-left elementor-widget elementor-widget-text-editor\" data-id=\"f53084e\" data-element_type=\"widget\" data-e-type=\"widget\" data-widget_type=\"text-editor.default\">\n\t\t\t\t\t\t\t\t\t<p data-start=\"343\" data-end=\"571\">Bovec \u0160port Center je dolgoletni lokalni ponudnik outdoor aktivnosti v dolini So\u010de.<br data-start=\"402\" data-end=\"405\" \/>Izvajamo rafting, kajak, soteskanje in druge aktivnosti s certificiranimi vodniki, v manj\u0161ih skupinah s poudarkom na varnosti in kakovosti.<\/p>\t\t\t\t\t\t\t\t<\/div>\n\t\t\t\t\t<\/div>\n\t\t\t\t<\/div>\n\t\t<div class=\"wd-negative-gap elementor-element elementor-element-13f123c e-flex e-con-boxed e-con e-parent\" data-id=\"13f123c\" data-element_type=\"container\" data-e-type=\"container\">\n\t\t\t\t\t<div class=\"e-con-inner\">\n\t\t\t\t<div class=\"elementor-element elementor-element-0de6f96 elementor-widget elementor-widget-heading\" data-id=\"0de6f96\" data-element_type=\"widget\" data-e-type=\"widget\" data-widget_type=\"heading.default\">\n\t\t\t\t\t<h2 class=\"elementor-heading-title elementor-size-default\">Izberite svojo pustolov\u0161\u010dino<\/h2>\t\t\t\t<\/div>\n\t\t\t\t\t<\/div>\n\t\t\t\t<\/div>\n\t\t<div class=\"wd-negative-gap elementor-element elementor-element-4d60ed9 e-flex e-con-boxed e-con e-parent\" data-id=\"4d60ed9\" data-element_type=\"container\" data-e-type=\"container\">\n\t\t\t\t\t<div class=\"e-con-inner\">\n\t\t<div class=\"elementor-element elementor-element-cc5c3f1 e-grid e-con-full e-con e-child\" data-id=\"cc5c3f1\" data-element_type=\"container\" data-e-type=\"container\">\n\t\t<div class=\"elementor-element elementor-element-d41aa06 e-con-full e-flex e-con e-child\" data-id=\"d41aa06\" data-element_type=\"container\" data-e-type=\"container\">\n\t\t\t\t<div class=\"elementor-element elementor-element-eb8c654 elementor-widget__width-initial elementor-widget elementor-widget-wd_image_or_svg\" data-id=\"eb8c654\" data-element_type=\"widget\" data-e-type=\"widget\" data-widget_type=\"wd_image_or_svg.default\">\n\t\t\t\t<div class=\"elementor-widget-container\">\n\t\t\t\t\t\n\t\t<div class=\"wd-image text-left\">\n\t\t\t\t\t\t\t<a  href=\"\/sl\/dozivetja\/rafting\/\" aria-label=\"Image link\">\n\t\t\t\t\t\t\t\t<img loading=\"lazy\" decoding=\"async\" width=\"800\" height=\"420\" src=\"https:\/\/www.bovec-sc.si\/wp-content\/uploads\/2026\/02\/rafing-home.jpg\" class=\"attachment-full size-full\" alt=\"Rafing Home\" srcset=\"https:\/\/www.bovec-sc.si\/wp-content\/uploads\/2026\/02\/rafing-home.jpg 800w, https:\/\/www.bovec-sc.si\/wp-content\/uploads\/2026\/02\/rafing-home-430x226.jpg 430w, https:\/\/www.bovec-sc.si\/wp-content\/uploads\/2026\/02\/rafing-home-150x79.jpg 150w, https:\/\/www.bovec-sc.si\/wp-content\/uploads\/2026\/02\/rafing-home-700x368.jpg 700w, https:\/\/www.bovec-sc.si\/wp-content\/uploads\/2026\/02\/rafing-home-400x210.jpg 400w, https:\/\/www.bovec-sc.si\/wp-content\/uploads\/2026\/02\/rafing-home-768x403.jpg 768w\" sizes=\"auto, (max-width: 800px) 100vw, 800px\" title=\"Do\u017eivetja\">\t\t\t\t\t\t\t<\/a>\n\t\t\t\t\t<\/div>\n\n\t\t\t\t\t\t<\/div>\n\t\t\t\t<\/div>\n\t\t<div class=\"elementor-element elementor-element-ed56d3b e-con-full e-flex e-con e-child\" data-id=\"ed56d3b\" data-element_type=\"container\" data-e-type=\"container\">\n\t\t\t\t<div class=\"elementor-element elementor-element-6b8ed8f elementor-widget elementor-widget-heading\" data-id=\"6b8ed8f\" data-element_type=\"widget\" data-e-type=\"widget\" data-widget_type=\"heading.default\">\n\t\t\t\t\t<h3 class=\"elementor-heading-title elementor-size-default\">Rafting<\/h3>\t\t\t\t<\/div>\n\t\t\t\t<div class=\"elementor-element elementor-element-4027258 color-scheme-inherit text-left elementor-widget elementor-widget-text-editor\" data-id=\"4027258\" data-element_type=\"widget\" data-e-type=\"widget\" data-widget_type=\"text-editor.default\">\n\t\t\t\t\t\t\t\t\t<p>Najbolj priljubljena dogodiv\u0161\u010dina na reki So\u010di.<\/p>\t\t\t\t\t\t\t\t<\/div>\n\t\t\t\t<div class=\"elementor-element elementor-element-8842929 elementor-widget elementor-widget-button\" data-id=\"8842929\" data-element_type=\"widget\" data-e-type=\"widget\" data-widget_type=\"button.default\">\n\t\t\t\t\t\t\t\t\t\t<a class=\"elementor-button elementor-button-link elementor-size-sm\" href=\"\/sl\/dozivetja\/rafting\/\">\n\t\t\t\t\t\t<span class=\"elementor-button-content-wrapper\">\n\t\t\t\t\t\t<span class=\"elementor-button-icon\">\n\t\t\t\t<i aria-hidden=\"true\" class=\"lnr lnr-arrow-right\"><\/i>\t\t\t<\/span>\n\t\t\t\t\t\t\t\t\t<span class=\"elementor-button-text\">Ve\u010d o raftingu<\/span>\n\t\t\t\t\t<\/span>\n\t\t\t\t\t<\/a>\n\t\t\t\t\t\t\t\t<\/div>\n\t\t\t\t<\/div>\n\t\t\t\t<\/div>\n\t\t<div class=\"elementor-element elementor-element-46a3480 e-con-full e-flex e-con e-child\" data-id=\"46a3480\" data-element_type=\"container\" data-e-type=\"container\">\n\t\t\t\t<div class=\"elementor-element elementor-element-234db74 elementor-widget__width-initial elementor-widget elementor-widget-wd_image_or_svg\" data-id=\"234db74\" data-element_type=\"widget\" data-e-type=\"widget\" data-widget_type=\"wd_image_or_svg.default\">\n\t\t\t\t<div class=\"elementor-widget-container\">\n\t\t\t\t\t\n\t\t<div class=\"wd-image text-left\">\n\t\t\t\t\t\t\t<a  href=\"\/sl\/dozivetja\/kajak\/\" aria-label=\"Image link\">\n\t\t\t\t\t\t\t\t<img loading=\"lazy\" decoding=\"async\" width=\"800\" height=\"420\" src=\"https:\/\/www.bovec-sc.si\/wp-content\/uploads\/2026\/02\/Bovec-sport-Center_outdoor_04.jpg\" class=\"attachment-full size-full\" alt=\"Bovec Sport Center Outdoor 04\" srcset=\"https:\/\/www.bovec-sc.si\/wp-content\/uploads\/2026\/02\/Bovec-sport-Center_outdoor_04.jpg 800w, https:\/\/www.bovec-sc.si\/wp-content\/uploads\/2026\/02\/Bovec-sport-Center_outdoor_04-430x226.jpg 430w, https:\/\/www.bovec-sc.si\/wp-content\/uploads\/2026\/02\/Bovec-sport-Center_outdoor_04-150x79.jpg 150w, https:\/\/www.bovec-sc.si\/wp-content\/uploads\/2026\/02\/Bovec-sport-Center_outdoor_04-700x368.jpg 700w, https:\/\/www.bovec-sc.si\/wp-content\/uploads\/2026\/02\/Bovec-sport-Center_outdoor_04-400x210.jpg 400w, https:\/\/www.bovec-sc.si\/wp-content\/uploads\/2026\/02\/Bovec-sport-Center_outdoor_04-768x403.jpg 768w\" sizes=\"auto, (max-width: 800px) 100vw, 800px\" title=\"Do\u017eivetja\">\t\t\t\t\t\t\t<\/a>\n\t\t\t\t\t<\/div>\n\n\t\t\t\t\t\t<\/div>\n\t\t\t\t<\/div>\n\t\t<div class=\"elementor-element elementor-element-1d9cfa8 e-con-full e-flex e-con e-child\" data-id=\"1d9cfa8\" data-element_type=\"container\" data-e-type=\"container\">\n\t\t\t\t<div class=\"elementor-element elementor-element-4e73264 elementor-widget elementor-widget-heading\" data-id=\"4e73264\" data-element_type=\"widget\" data-e-type=\"widget\" data-widget_type=\"heading.default\">\n\t\t\t\t\t<h3 class=\"elementor-heading-title elementor-size-default\">Kajak<\/h3>\t\t\t\t<\/div>\n\t\t\t\t<div class=\"elementor-element elementor-element-693e5ff color-scheme-inherit text-left elementor-widget elementor-widget-text-editor\" data-id=\"693e5ff\" data-element_type=\"widget\" data-e-type=\"widget\" data-widget_type=\"text-editor.default\">\n\t\t\t\t\t\t\t\t\t<p>Bolj oseben na\u010din za do\u017eivetje smaragdne reke.<\/p>\t\t\t\t\t\t\t\t<\/div>\n\t\t\t\t<div class=\"elementor-element elementor-element-72cfcea elementor-widget elementor-widget-button\" data-id=\"72cfcea\" data-element_type=\"widget\" data-e-type=\"widget\" data-widget_type=\"button.default\">\n\t\t\t\t\t\t\t\t\t\t<a class=\"elementor-button elementor-button-link elementor-size-sm\" href=\"\/sl\/dozivetja\/kajak\/\">\n\t\t\t\t\t\t<span class=\"elementor-button-content-wrapper\">\n\t\t\t\t\t\t<span class=\"elementor-button-icon\">\n\t\t\t\t<i aria-hidden=\"true\" class=\"lnr lnr-arrow-right\"><\/i>\t\t\t<\/span>\n\t\t\t\t\t\t\t\t\t<span class=\"elementor-button-text\">Ve\u010d o kajaku<\/span>\n\t\t\t\t\t<\/span>\n\t\t\t\t\t<\/a>\n\t\t\t\t\t\t\t\t<\/div>\n\t\t\t\t<\/div>\n\t\t\t\t<\/div>\n\t\t<div class=\"elementor-element elementor-element-a0e59f0 e-con-full e-flex e-con e-child\" data-id=\"a0e59f0\" data-element_type=\"container\" data-e-type=\"container\">\n\t\t\t\t<div class=\"elementor-element elementor-element-0d1b46c elementor-widget__width-initial elementor-widget elementor-widget-wd_image_or_svg\" data-id=\"0d1b46c\" data-element_type=\"widget\" data-e-type=\"widget\" data-widget_type=\"wd_image_or_svg.default\">\n\t\t\t\t<div class=\"elementor-widget-container\">\n\t\t\t\t\t\n\t\t<div class=\"wd-image text-left\">\n\t\t\t\t\t\t\t<a  href=\"\/sl\/dozivetja\/soteskanje\/\" aria-label=\"Image link\">\n\t\t\t\t\t\t\t\t<img loading=\"lazy\" decoding=\"async\" width=\"800\" height=\"420\" src=\"https:\/\/www.bovec-sc.si\/wp-content\/uploads\/2026\/02\/canyoning-home.jpg\" class=\"attachment-full size-full\" alt=\"Canyoning Home\" srcset=\"https:\/\/www.bovec-sc.si\/wp-content\/uploads\/2026\/02\/canyoning-home.jpg 800w, https:\/\/www.bovec-sc.si\/wp-content\/uploads\/2026\/02\/canyoning-home-430x226.jpg 430w, https:\/\/www.bovec-sc.si\/wp-content\/uploads\/2026\/02\/canyoning-home-150x79.jpg 150w, https:\/\/www.bovec-sc.si\/wp-content\/uploads\/2026\/02\/canyoning-home-700x368.jpg 700w, https:\/\/www.bovec-sc.si\/wp-content\/uploads\/2026\/02\/canyoning-home-400x210.jpg 400w, https:\/\/www.bovec-sc.si\/wp-content\/uploads\/2026\/02\/canyoning-home-768x403.jpg 768w\" sizes=\"auto, (max-width: 800px) 100vw, 800px\" title=\"Do\u017eivetja\">\t\t\t\t\t\t\t<\/a>\n\t\t\t\t\t<\/div>\n\n\t\t\t\t\t\t<\/div>\n\t\t\t\t<\/div>\n\t\t<div class=\"elementor-element elementor-element-d52bbff e-con-full e-flex e-con e-child\" data-id=\"d52bbff\" data-element_type=\"container\" data-e-type=\"container\">\n\t\t\t\t<div class=\"elementor-element elementor-element-22d2fae elementor-widget elementor-widget-heading\" data-id=\"22d2fae\" data-element_type=\"widget\" data-e-type=\"widget\" data-widget_type=\"heading.default\">\n\t\t\t\t\t<h3 class=\"elementor-heading-title elementor-size-default\">Soteskanje<\/h3>\t\t\t\t<\/div>\n\t\t\t\t<div class=\"elementor-element elementor-element-06ee429 color-scheme-inherit text-left elementor-widget elementor-widget-text-editor\" data-id=\"06ee429\" data-element_type=\"widget\" data-e-type=\"widget\" data-widget_type=\"text-editor.default\">\n\t\t\t\t\t\t\t\t\t<p>Naravni tobogani, skoki in alpske soteske.<\/p>\t\t\t\t\t\t\t\t<\/div>\n\t\t\t\t<div class=\"elementor-element elementor-element-6f8864f elementor-widget elementor-widget-button\" data-id=\"6f8864f\" data-element_type=\"widget\" data-e-type=\"widget\" data-widget_type=\"button.default\">\n\t\t\t\t\t\t\t\t\t\t<a class=\"elementor-button elementor-button-link elementor-size-sm\" href=\"\/sl\/dozivetja\/soteskanje\/\">\n\t\t\t\t\t\t<span class=\"elementor-button-content-wrapper\">\n\t\t\t\t\t\t<span class=\"elementor-button-icon\">\n\t\t\t\t<i aria-hidden=\"true\" class=\"lnr lnr-arrow-right\"><\/i>\t\t\t<\/span>\n\t\t\t\t\t\t\t\t\t<span class=\"elementor-button-text\">Ve\u010d o soteskanju<\/span>\n\t\t\t\t\t<\/span>\n\t\t\t\t\t<\/a>\n\t\t\t\t\t\t\t\t<\/div>\n\t\t\t\t<\/div>\n\t\t\t\t<\/div>\n\t\t<div class=\"elementor-element elementor-element-d31a4bd e-con-full e-flex e-con e-child\" data-id=\"d31a4bd\" data-element_type=\"container\" data-e-type=\"container\">\n\t\t\t\t<div class=\"elementor-element elementor-element-d845c55 elementor-widget__width-initial elementor-widget elementor-widget-wd_image_or_svg\" data-id=\"d845c55\" data-element_type=\"widget\" data-e-type=\"widget\" data-widget_type=\"wd_image_or_svg.default\">\n\t\t\t\t<div class=\"elementor-widget-container\">\n\t\t\t\t\t\n\t\t<div class=\"wd-image text-left\">\n\t\t\t\t\t\t\t<a  href=\"\/sl\/dozivetja\/pustolovski-park-bovec\/\" aria-label=\"Image link\">\n\t\t\t\t\t\t\t\t<img loading=\"lazy\" decoding=\"async\" width=\"800\" height=\"420\" src=\"https:\/\/www.bovec-sc.si\/wp-content\/uploads\/2026\/02\/adv-park-t.2jpg.jpg\" class=\"attachment-full size-full\" alt=\"Adv Park T.2jpg\" srcset=\"https:\/\/www.bovec-sc.si\/wp-content\/uploads\/2026\/02\/adv-park-t.2jpg.jpg 800w, https:\/\/www.bovec-sc.si\/wp-content\/uploads\/2026\/02\/adv-park-t.2jpg-430x226.jpg 430w, https:\/\/www.bovec-sc.si\/wp-content\/uploads\/2026\/02\/adv-park-t.2jpg-150x79.jpg 150w, https:\/\/www.bovec-sc.si\/wp-content\/uploads\/2026\/02\/adv-park-t.2jpg-700x368.jpg 700w, https:\/\/www.bovec-sc.si\/wp-content\/uploads\/2026\/02\/adv-park-t.2jpg-400x210.jpg 400w, https:\/\/www.bovec-sc.si\/wp-content\/uploads\/2026\/02\/adv-park-t.2jpg-768x403.jpg 768w\" sizes=\"auto, (max-width: 800px) 100vw, 800px\" title=\"Do\u017eivetja\">\t\t\t\t\t\t\t<\/a>\n\t\t\t\t\t<\/div>\n\n\t\t\t\t\t\t<\/div>\n\t\t\t\t<\/div>\n\t\t<div class=\"elementor-element elementor-element-805b72e e-con-full e-flex e-con e-child\" data-id=\"805b72e\" data-element_type=\"container\" data-e-type=\"container\">\n\t\t\t\t<div class=\"elementor-element elementor-element-6eedd07 elementor-widget elementor-widget-heading\" data-id=\"6eedd07\" data-element_type=\"widget\" data-e-type=\"widget\" data-widget_type=\"heading.default\">\n\t\t\t\t\t<h3 class=\"elementor-heading-title elementor-size-default\">Pustolovski Park<\/h3>\t\t\t\t<\/div>\n\t\t\t\t<div class=\"elementor-element elementor-element-80c6312 color-scheme-inherit text-left elementor-widget elementor-widget-text-editor\" data-id=\"80c6312\" data-element_type=\"widget\" data-e-type=\"widget\" data-widget_type=\"text-editor.default\">\n\t\t\t\t\t\t\t\t\t<p>Plezanje in zipline med gozdnimi progami.<\/p>\t\t\t\t\t\t\t\t<\/div>\n\t\t\t\t<div class=\"elementor-element elementor-element-054afa1 elementor-widget elementor-widget-button\" data-id=\"054afa1\" data-element_type=\"widget\" data-e-type=\"widget\" data-widget_type=\"button.default\">\n\t\t\t\t\t\t\t\t\t\t<a class=\"elementor-button elementor-button-link elementor-size-sm\" href=\"\/sl\/dozivetja\/pustolovski-park-bovec\/\">\n\t\t\t\t\t\t<span class=\"elementor-button-content-wrapper\">\n\t\t\t\t\t\t<span class=\"elementor-button-icon\">\n\t\t\t\t<i aria-hidden=\"true\" class=\"lnr lnr-arrow-right\"><\/i>\t\t\t<\/span>\n\t\t\t\t\t\t\t\t\t<span class=\"elementor-button-text\">Ve\u010d o pustolovskem parku<\/span>\n\t\t\t\t\t<\/span>\n\t\t\t\t\t<\/a>\n\t\t\t\t\t\t\t\t<\/div>\n\t\t\t\t<\/div>\n\t\t\t\t<\/div>\n\t\t<div class=\"elementor-element elementor-element-248d86b e-con-full e-flex e-con e-child\" data-id=\"248d86b\" data-element_type=\"container\" data-e-type=\"container\">\n\t\t\t\t<div class=\"elementor-element elementor-element-dbb9dd9 elementor-widget__width-initial elementor-widget elementor-widget-wd_image_or_svg\" data-id=\"dbb9dd9\" data-element_type=\"widget\" data-e-type=\"widget\" data-widget_type=\"wd_image_or_svg.default\">\n\t\t\t\t<div class=\"elementor-widget-container\">\n\t\t\t\t\t\n\t\t<div class=\"wd-image text-left\">\n\t\t\t\t\t\t\t<a  href=\"\/sl\/dozivetja\/monster-roller\/\" aria-label=\"Image link\">\n\t\t\t\t\t\t\t\t<img loading=\"lazy\" decoding=\"async\" width=\"800\" height=\"420\" src=\"https:\/\/www.bovec-sc.si\/wp-content\/uploads\/2026\/02\/monster-r-home.jpg\" class=\"attachment-full size-full\" alt=\"Monster R Home\" srcset=\"https:\/\/www.bovec-sc.si\/wp-content\/uploads\/2026\/02\/monster-r-home.jpg 800w, https:\/\/www.bovec-sc.si\/wp-content\/uploads\/2026\/02\/monster-r-home-430x226.jpg 430w, https:\/\/www.bovec-sc.si\/wp-content\/uploads\/2026\/02\/monster-r-home-150x79.jpg 150w, https:\/\/www.bovec-sc.si\/wp-content\/uploads\/2026\/02\/monster-r-home-700x368.jpg 700w, https:\/\/www.bovec-sc.si\/wp-content\/uploads\/2026\/02\/monster-r-home-400x210.jpg 400w, https:\/\/www.bovec-sc.si\/wp-content\/uploads\/2026\/02\/monster-r-home-768x403.jpg 768w\" sizes=\"auto, (max-width: 800px) 100vw, 800px\" title=\"Do\u017eivetja\">\t\t\t\t\t\t\t<\/a>\n\t\t\t\t\t<\/div>\n\n\t\t\t\t\t\t<\/div>\n\t\t\t\t<\/div>\n\t\t<div class=\"elementor-element elementor-element-eaca959 e-con-full e-flex e-con e-child\" data-id=\"eaca959\" data-element_type=\"container\" data-e-type=\"container\">\n\t\t\t\t<div class=\"elementor-element elementor-element-8945cce elementor-widget elementor-widget-heading\" data-id=\"8945cce\" data-element_type=\"widget\" data-e-type=\"widget\" data-widget_type=\"heading.default\">\n\t\t\t\t\t<h3 class=\"elementor-heading-title elementor-size-default\">Monster Roller<\/h3>\t\t\t\t<\/div>\n\t\t\t\t<div class=\"elementor-element elementor-element-f1b0e69 color-scheme-inherit text-left elementor-widget elementor-widget-text-editor\" data-id=\"f1b0e69\" data-element_type=\"widget\" data-e-type=\"widget\" data-widget_type=\"text-editor.default\">\n\t\t\t\t\t\t\t\t\t<p>Slikovit spust z razgledi na gore.<\/p>\t\t\t\t\t\t\t\t<\/div>\n\t\t\t\t<div class=\"elementor-element elementor-element-4b4eda4 elementor-widget elementor-widget-button\" data-id=\"4b4eda4\" data-element_type=\"widget\" data-e-type=\"widget\" data-widget_type=\"button.default\">\n\t\t\t\t\t\t\t\t\t\t<a class=\"elementor-button elementor-button-link elementor-size-sm\" href=\"\/sl\/dozivetja\/monster-roller\/\">\n\t\t\t\t\t\t<span class=\"elementor-button-content-wrapper\">\n\t\t\t\t\t\t<span class=\"elementor-button-icon\">\n\t\t\t\t<i aria-hidden=\"true\" class=\"lnr lnr-arrow-right\"><\/i>\t\t\t<\/span>\n\t\t\t\t\t\t\t\t\t<span class=\"elementor-button-text\">Ve\u010d o Monster Rollerju<\/span>\n\t\t\t\t\t<\/span>\n\t\t\t\t\t<\/a>\n\t\t\t\t\t\t\t\t<\/div>\n\t\t\t\t<\/div>\n\t\t\t\t<\/div>\n\t\t<div class=\"elementor-element elementor-element-d761ab0 e-con-full e-flex e-con e-child\" data-id=\"d761ab0\" data-element_type=\"container\" data-e-type=\"container\">\n\t\t\t\t<div class=\"elementor-element elementor-element-c24dd27 elementor-widget__width-initial elementor-widget elementor-widget-wd_image_or_svg\" data-id=\"c24dd27\" data-element_type=\"widget\" data-e-type=\"widget\" data-widget_type=\"wd_image_or_svg.default\">\n\t\t\t\t<div class=\"elementor-widget-container\">\n\t\t\t\t\t\n\t\t<div class=\"wd-image text-left\">\n\t\t\t\t\t\t\t<a  href=\"\/sl\/dozivetja\/zipline-kanin-bovec\/\" aria-label=\"Image link\">\n\t\t\t\t\t\t\t\t<img loading=\"lazy\" decoding=\"async\" width=\"800\" height=\"420\" src=\"https:\/\/www.bovec-sc.si\/wp-content\/uploads\/2026\/02\/zipline-home.jpg\" class=\"attachment-full size-full\" alt=\"Zipline Home\" srcset=\"https:\/\/www.bovec-sc.si\/wp-content\/uploads\/2026\/02\/zipline-home.jpg 800w, https:\/\/www.bovec-sc.si\/wp-content\/uploads\/2026\/02\/zipline-home-430x226.jpg 430w, https:\/\/www.bovec-sc.si\/wp-content\/uploads\/2026\/02\/zipline-home-150x79.jpg 150w, https:\/\/www.bovec-sc.si\/wp-content\/uploads\/2026\/02\/zipline-home-700x368.jpg 700w, https:\/\/www.bovec-sc.si\/wp-content\/uploads\/2026\/02\/zipline-home-400x210.jpg 400w, https:\/\/www.bovec-sc.si\/wp-content\/uploads\/2026\/02\/zipline-home-768x403.jpg 768w\" sizes=\"auto, (max-width: 800px) 100vw, 800px\" title=\"Do\u017eivetja\">\t\t\t\t\t\t\t<\/a>\n\t\t\t\t\t<\/div>\n\n\t\t\t\t\t\t<\/div>\n\t\t\t\t<\/div>\n\t\t<div class=\"elementor-element elementor-element-05020be e-con-full e-flex e-con e-child\" data-id=\"05020be\" data-element_type=\"container\" data-e-type=\"container\">\n\t\t\t\t<div class=\"elementor-element elementor-element-9fbe4d3 elementor-widget elementor-widget-heading\" data-id=\"9fbe4d3\" data-element_type=\"widget\" data-e-type=\"widget\" data-widget_type=\"heading.default\">\n\t\t\t\t\t<h3 class=\"elementor-heading-title elementor-size-default\">Zipline Kanin<\/h3>\t\t\t\t<\/div>\n\t\t\t\t<div class=\"elementor-element elementor-element-49a1c79 color-scheme-inherit text-left elementor-widget elementor-widget-text-editor\" data-id=\"49a1c79\" data-element_type=\"widget\" data-e-type=\"widget\" data-widget_type=\"text-editor.default\">\n\t\t\t\t\t\t\t\t\t<p>Poletite nad dolino So\u010de.<\/p>\t\t\t\t\t\t\t\t<\/div>\n\t\t\t\t<div class=\"elementor-element elementor-element-12ca1ed elementor-widget elementor-widget-button\" data-id=\"12ca1ed\" data-element_type=\"widget\" data-e-type=\"widget\" data-widget_type=\"button.default\">\n\t\t\t\t\t\t\t\t\t\t<a class=\"elementor-button elementor-button-link elementor-size-sm\" href=\"\/sl\/dozivetja\/zipline-kanin-bovec\/\">\n\t\t\t\t\t\t<span class=\"elementor-button-content-wrapper\">\n\t\t\t\t\t\t<span class=\"elementor-button-icon\">\n\t\t\t\t<i aria-hidden=\"true\" class=\"lnr lnr-arrow-right\"><\/i>\t\t\t<\/span>\n\t\t\t\t\t\t\t\t\t<span class=\"elementor-button-text\">Ve\u010d o ziplinu<\/span>\n\t\t\t\t\t<\/span>\n\t\t\t\t\t<\/a>\n\t\t\t\t\t\t\t\t<\/div>\n\t\t\t\t<\/div>\n\t\t\t\t<\/div>\n\t\t\t\t<\/div>\n\t\t\t\t\t<\/div>\n\t\t\t\t<\/div>\n\t\t\t\t<\/div>\n\t\t","protected":false},"excerpt":{"rendered":"<p>Bovec \u0160port Center je dolgoletni lokalni ponudnik outdoor aktivnosti v dolini So\u010de.Izvajamo rafting, kajak, soteskanje in druge aktivnosti s certificiranimi<\/p>\n","protected":false},"author":1,"featured_media":0,"parent":0,"menu_order":9,"comment_status":"closed","ping_status":"closed","template":"","meta":{"_acf_changed":false,"iawp_total_views":0,"footnotes":""},"class_list":["post-2906","page","type-page","status-publish","hentry"],"acf":[],"_links":{"self":[{"href":"https:\/\/www.bovec-sc.si\/sl\/wp-json\/wp\/v2\/pages\/2906","targetHints":{"allow":["GET"]}}],"collection":[{"href":"https:\/\/www.bovec-sc.si\/sl\/wp-json\/wp\/v2\/pages"}],"about":[{"href":"https:\/\/www.bovec-sc.si\/sl\/wp-json\/wp\/v2\/types\/page"}],"author":[{"embeddable":true,"href":"https:\/\/www.bovec-sc.si\/sl\/wp-json\/wp\/v2\/users\/1"}],"replies":[{"embeddable":true,"href":"https:\/\/www.bovec-sc.si\/sl\/wp-json\/wp\/v2\/comments?post=2906"}],"version-history":[{"count":8,"href":"https:\/\/www.bovec-sc.si\/sl\/wp-json\/wp\/v2\/pages\/2906\/revisions"}],"predecessor-version":[{"id":3751,"href":"https:\/\/www.bovec-sc.si\/sl\/wp-json\/wp\/v2\/pages\/2906\/revisions\/3751"}],"wp:attachment":[{"href":"https:\/\/www.bovec-sc.si\/sl\/wp-json\/wp\/v2\/media?parent=2906"}],"curies":[{"name":"wp","href":"https:\/\/api.w.org\/{rel}","templated":true}]}}