{"id":3728,"date":"2026-03-11T09:51:35","date_gmt":"2026-03-11T09:51:35","guid":{"rendered":"https:\/\/www.bovec-sc.si\/imprint\/"},"modified":"2026-03-11T09:54:53","modified_gmt":"2026-03-11T09:54:53","slug":"impresum","status":"publish","type":"page","link":"https:\/\/www.bovec-sc.si\/sl\/impresum\/","title":{"rendered":"Impresum"},"content":{"rendered":"\t\t<div data-elementor-type=\"wp-page\" data-elementor-id=\"3728\" class=\"elementor elementor-3728 elementor-3725 elementor-bc-flex-widget\" data-elementor-post-type=\"page\">\n\t\t\t\t<div class=\"wd-negative-gap elementor-element elementor-element-4ea18aa4 e-flex e-con-boxed e-con e-parent\" data-id=\"4ea18aa4\" data-element_type=\"container\" data-e-type=\"container\">\n\t\t\t\t\t<div class=\"e-con-inner\">\n\t\t\t\t<div class=\"elementor-element elementor-element-b4978d7 elementor-widget elementor-widget-heading\" data-id=\"b4978d7\" data-element_type=\"widget\" data-e-type=\"widget\" data-widget_type=\"heading.default\">\n\t\t\t\t\t<h1 class=\"elementor-heading-title elementor-size-default\">Impresum<\/h1>\t\t\t\t<\/div>\n\t\t\t\t<div class=\"elementor-element elementor-element-766a7e3c color-scheme-inherit text-left elementor-widget elementor-widget-text-editor\" data-id=\"766a7e3c\" data-element_type=\"widget\" data-e-type=\"widget\" data-widget_type=\"text-editor.default\">\n\t\t\t\t\t\t\t\t\t\n<p class=\"wp-block-wd-paragraph wd-a90df40f\">Lastnik in avtor besedil: \u0160port Center Bovec. VIRJE d.o.o., Kot 2, 5230 Bovec<\/p>\n\n\n\n<p class=\"wp-block-wd-paragraph wd-e5339e17\">Fotografije in grafi\u010dni material: \u0160port Center Bovec., Glamping Virje, Bovec, Envato<\/p>\n\n\n\n<p class=\"wp-block-wd-paragraph wd-edc130b4\">Oblikovanje in spletna izvedba:\u00a0<a href=\"https:\/\/www.spletster.net\/\" target=\"_blank\" rel=\"noreferrer noopener\">spletster<\/a>.<\/p>\n\n\n\n<p class=\"wp-block-wd-paragraph wd-1c1ed842\">Stran je name\u0161\u010dena na stre\u017enikih v Sloveniji.<\/p>\n\n\n\n<p class=\"wp-block-wd-paragraph wd-49062bc1\">Vse pravice pridr\u017eane!<\/p>\n\n\n\n<p class=\"wp-block-wd-paragraph wd-7fd9d497\"><\/p>\n\n\n\n<p><\/p>\n\t\t\t\t\t\t\t\t<\/div>\n\t\t\t\t\t<\/div>\n\t\t\t\t<\/div>\n\t\t\t\t<\/div>\n\t\t","protected":false},"excerpt":{"rendered":"<p>Impresum<\/p>\n","protected":false},"author":1,"featured_media":0,"parent":0,"menu_order":22,"comment_status":"closed","ping_status":"closed","template":"","meta":{"_acf_changed":false,"iawp_total_views":0,"footnotes":""},"class_list":["post-3728","page","type-page","status-publish","hentry"],"acf":[],"_links":{"self":[{"href":"https:\/\/www.bovec-sc.si\/sl\/wp-json\/wp\/v2\/pages\/3728","targetHints":{"allow":["GET"]}}],"collection":[{"href":"https:\/\/www.bovec-sc.si\/sl\/wp-json\/wp\/v2\/pages"}],"about":[{"href":"https:\/\/www.bovec-sc.si\/sl\/wp-json\/wp\/v2\/types\/page"}],"author":[{"embeddable":true,"href":"https:\/\/www.bovec-sc.si\/sl\/wp-json\/wp\/v2\/users\/1"}],"replies":[{"embeddable":true,"href":"https:\/\/www.bovec-sc.si\/sl\/wp-json\/wp\/v2\/comments?post=3728"}],"version-history":[{"count":5,"href":"https:\/\/www.bovec-sc.si\/sl\/wp-json\/wp\/v2\/pages\/3728\/revisions"}],"predecessor-version":[{"id":3734,"href":"https:\/\/www.bovec-sc.si\/sl\/wp-json\/wp\/v2\/pages\/3728\/revisions\/3734"}],"wp:attachment":[{"href":"https:\/\/www.bovec-sc.si\/sl\/wp-json\/wp\/v2\/media?parent=3728"}],"curies":[{"name":"wp","href":"https:\/\/api.w.org\/{rel}","templated":true}]}}