{"id":3782,"date":"2026-03-11T13:12:54","date_gmt":"2026-03-11T13:12:54","guid":{"rendered":"https:\/\/www.bovec-sc.si\/lost-page-404\/"},"modified":"2026-03-11T13:58:33","modified_gmt":"2026-03-11T13:58:33","slug":"izgubljena-stran-404","status":"publish","type":"page","link":"https:\/\/www.bovec-sc.si\/sl\/izgubljena-stran-404\/","title":{"rendered":"Ups, izgubljena stran"},"content":{"rendered":"\t\t<div data-elementor-type=\"wp-page\" data-elementor-id=\"3782\" class=\"elementor elementor-3782 elementor-3752\" data-elementor-post-type=\"page\">\n\t\t\t\t<div class=\"wd-negative-gap elementor-element elementor-element-7c43b6f e-flex e-con-boxed e-con e-parent\" data-id=\"7c43b6f\" data-element_type=\"container\" data-e-type=\"container\" data-settings=\"{&quot;background_background&quot;:&quot;classic&quot;}\">\n\t\t\t\t\t<div class=\"e-con-inner\">\n\t\t<div class=\"elementor-element elementor-element-0c525f2 e-con-full e-flex e-con e-child\" data-id=\"0c525f2\" data-element_type=\"container\" data-e-type=\"container\">\n\t\t\t\t<div class=\"elementor-element elementor-element-68b5f06 elementor-widget__width-initial elementor-widget-tablet__width-inherit wd-width-100 elementor-widget elementor-widget-wd_title\" data-id=\"68b5f06\" data-element_type=\"widget\" data-e-type=\"widget\" data-widget_type=\"wd_title.default\">\n\t\t\t\t<div class=\"elementor-widget-container\">\n\t\t\t\t\t\t\t<div class=\"title-wrapper wd-set-mb reset-last-child wd-title-color-primary wd-title-style-default wd-title-size-extra-large text-left\">\n\n\t\t\t\t\t\t\t\t\t\t\t<div class=\"title-subtitle subtitle-color-primary subtitle-style-default wd-fontsize-m\">\n\t\t\t\t\tups,\t\t\t\t<\/div>\n\t\t\t\n\t\t\t<div class=\"liner-continer\">\n\t\t\t\t<h1 class=\"woodmart-title-container title wd-fontsize-xxxl\">izgubljena stran<\/h1> \n\t\t\t\t\t\t\t<\/div>\n\n\t\t\t\t\t\t\t<div class=\"title-after_title reset-last-child wd-fontsize-s\">\n\t\t\t\t\t<p>Stran ni najdena (404)<\/p>\t\t\t\t<\/div>\n\t\t\t\t\t<\/div>\n\t\t\t\t\t\t<\/div>\n\t\t\t\t<\/div>\n\t\t\t\t<div class=\"elementor-element elementor-element-9678c22 elementor-widget__width-initial elementor-widget-tablet__width-inherit wd-width-100 elementor-widget elementor-widget-wd_title\" data-id=\"9678c22\" data-element_type=\"widget\" data-e-type=\"widget\" data-widget_type=\"wd_title.default\">\n\t\t\t\t<div class=\"elementor-widget-container\">\n\t\t\t\t\t\t\t<div class=\"title-wrapper wd-set-mb reset-last-child wd-title-color-primary wd-title-style-default wd-title-size-default text-left\">\n\n\t\t\t\n\t\t\t<div class=\"liner-continer\">\n\t\t\t\t<h2 class=\"woodmart-title-container title wd-fontsize-l\">Stran, ki jo i\u0161\u010dete, ne obstaja ali pa je bila premaknjena.<\/h2> \n\t\t\t\t\t\t\t<\/div>\n\n\t\t\t\t\t<\/div>\n\t\t\t\t\t\t<\/div>\n\t\t\t\t<\/div>\n\t\t\t\t<div class=\"elementor-element elementor-element-58b04d1 color-scheme-inherit text-left elementor-widget elementor-widget-text-editor\" data-id=\"58b04d1\" data-element_type=\"widget\" data-e-type=\"widget\" data-widget_type=\"text-editor.default\">\n\t\t\t\t\t\t\t\t\t<p><strong>Kam \u017eelite naprej?<\/strong><\/p>\t\t\t\t\t\t\t\t<\/div>\n\t\t\t\t<div class=\"elementor-element elementor-element-a8b6114 color-scheme-inherit text-left elementor-widget elementor-widget-text-editor\" data-id=\"a8b6114\" data-element_type=\"widget\" data-e-type=\"widget\" data-widget_type=\"text-editor.default\">\n\t\t\t\t\t\t\t\t\t<ul><li data-start=\"146\" data-end=\"171\"><a href=\"https:\/\/www.bovec-sc.si\/sl\/\"><strong data-start=\"146\" data-end=\"171\">Pojdi na doma\u010do stran<\/strong><\/a><\/li><li data-start=\"174\" data-end=\"269\"><a href=\"https:\/\/www.bovec-sc.si\/sl\/dozivetja\/\"><strong data-start=\"174\" data-end=\"197\">Oglej si aktivnosti<\/strong><\/a> (Rafting, Kajak, Soteskanje, Zipline, Pustolovski park, Monster Roller)<\/li><li data-start=\"272\" data-end=\"304\"><a href=\"https:\/\/www.bovec-sc.si\/sl\/rezervacija\/\"><strong data-start=\"272\" data-end=\"304\">Rezervacije in povpra\u0161evanje<\/strong><\/a><\/li><li data-start=\"307\" data-end=\"318\"><a href=\"https:\/\/www.bovec-sc.si\/sl\/kontakt\/\"><strong data-start=\"307\" data-end=\"318\" data-is-last-node=\"\">Kontakt<\/strong><\/a><\/li><\/ul>\t\t\t\t\t\t\t\t<\/div>\n\t\t\t\t<div class=\"elementor-element elementor-element-961a526 elementor-widget-divider--view-line elementor-widget elementor-widget-divider\" data-id=\"961a526\" data-element_type=\"widget\" data-e-type=\"widget\" data-widget_type=\"divider.default\">\n\t\t\t\t\t\t\t<div class=\"elementor-divider\">\n\t\t\t<span class=\"elementor-divider-separator\">\n\t\t\t\t\t\t<\/span>\n\t\t<\/div>\n\t\t\t\t\t\t<\/div>\n\t\t\t\t<div class=\"elementor-element elementor-element-46aaadb color-scheme-inherit text-left elementor-widget elementor-widget-text-editor\" data-id=\"46aaadb\" data-element_type=\"widget\" data-e-type=\"widget\" data-widget_type=\"text-editor.default\">\n\t\t\t\t\t\t\t\t\t<p><span style=\"color: #333333;\"><strong>E-po\u0161ta: <\/strong><\/span><a href=\"mailto:bovec.info@gmail.com\">bovec.info@gmail.com<\/a><br \/><span style=\"color: #333333;\"><strong>Tel. \/ WhatsApp::<\/strong><\/span> <a href=\"tel:+38631263632\">+386 31 263 632<\/a><\/p>\t\t\t\t\t\t\t\t<\/div>\n\t\t\t\t<\/div>\n\t\t<div class=\"elementor-element elementor-element-9f086a1 e-con-full e-flex e-con e-child\" data-id=\"9f086a1\" data-element_type=\"container\" data-e-type=\"container\">\n\t\t\t\t<div class=\"elementor-element elementor-element-a8efe66 wd-animation-slide-from-right wd-animation-normal wd_delay_100 wd-animation wd-transform elementor-widget elementor-widget-wd_image_or_svg\" data-id=\"a8efe66\" data-element_type=\"widget\" data-e-type=\"widget\" data-widget_type=\"wd_image_or_svg.default\">\n\t\t\t\t<div class=\"elementor-widget-container\">\n\t\t\t\t\t\n\t\t<div class=\"wd-image text-left\">\n\t\t\t\t\t\t\t\t<img loading=\"lazy\" decoding=\"async\" width=\"2500\" height=\"2500\" src=\"https:\/\/www.bovec-sc.si\/wp-content\/uploads\/2026\/03\/character-cannot-find-page-nasovital.webp\" class=\"attachment-full size-full\" alt=\"character cannot find page nasovital\" srcset=\"https:\/\/www.bovec-sc.si\/wp-content\/uploads\/2026\/03\/character-cannot-find-page-nasovital.webp 2500w, https:\/\/www.bovec-sc.si\/wp-content\/uploads\/2026\/03\/character-cannot-find-page-nasovital-300x300.webp 300w, https:\/\/www.bovec-sc.si\/wp-content\/uploads\/2026\/03\/character-cannot-find-page-nasovital-800x800.webp 800w, https:\/\/www.bovec-sc.si\/wp-content\/uploads\/2026\/03\/character-cannot-find-page-nasovital-150x150.webp 150w, https:\/\/www.bovec-sc.si\/wp-content\/uploads\/2026\/03\/character-cannot-find-page-nasovital-768x768.webp 768w, https:\/\/www.bovec-sc.si\/wp-content\/uploads\/2026\/03\/character-cannot-find-page-nasovital-1536x1536.webp 1536w, https:\/\/www.bovec-sc.si\/wp-content\/uploads\/2026\/03\/character-cannot-find-page-nasovital-2048x2048.webp 2048w, https:\/\/www.bovec-sc.si\/wp-content\/uploads\/2026\/03\/character-cannot-find-page-nasovital-430x430.webp 430w, https:\/\/www.bovec-sc.si\/wp-content\/uploads\/2026\/03\/character-cannot-find-page-nasovital-700x700.webp 700w, https:\/\/www.bovec-sc.si\/wp-content\/uploads\/2026\/03\/character-cannot-find-page-nasovital-100x100.webp 100w\" sizes=\"auto, (max-width: 2500px) 100vw, 2500px\" title=\"Ups, izgubljena stran\">\t\t\t\t\t<\/div>\n\n\t\t\t\t\t\t<\/div>\n\t\t\t\t<\/div>\n\t\t\t\t<\/div>\n\t\t\t\t\t<\/div>\n\t\t\t\t<\/div>\n\t\t<div class=\"wd-negative-gap elementor-element elementor-element-ed51fce e-flex e-con-boxed e-con e-parent\" data-id=\"ed51fce\" data-element_type=\"container\" data-e-type=\"container\">\n\t\t\t\t\t<div class=\"e-con-inner\">\n\t\t\t\t<div class=\"elementor-element elementor-element-30b20b5 wd-width-100 elementor-widget elementor-widget-wd_images_gallery\" data-id=\"30b20b5\" data-element_type=\"widget\" data-e-type=\"widget\" data-widget_type=\"wd_images_gallery.default\">\n\t\t\t\t<div class=\"elementor-widget-container\">\n\t\t\t\t\t\t\t<div class=\"wd-images-gallery photoswipe-images\" style=\"--wd-align-items:center; --wd-justify-content:center;\">\n\t\t\t\t\t\t<div class=\"wd-grid-g\" style=\"--wd-col-lg:6;--wd-col-md:3;--wd-col-sm:2;--wd-gap-lg:6px;\" >\n\t\t\t\t\t\t\t\t\t\t\t\t\t\t\t\t\t\t<div class=\"wd-gallery-item wd-col\">\n\t\t\t\t\t\t\t\t\t\t\t\t\t<a  href=\"https:\/\/www.bovec-sc.si\/wp-content\/uploads\/2026\/02\/Glamping-Virje-Rooms-Apartments-Bovec-House-Soca-Valley-Kanin-Slovenia-Rafting-Kayak-Canyoning-Monster-Roller-Adventure-Park-Hiking-Cabins_00022_2-1.jpg\" data-width=\"1067\" data-height=\"1600\" data-index=\"1\" data-elementor-open-lightbox=\"no\">\n\t\t\t\t\t\t\n\t\t\t\t\t\t<img loading=\"lazy\" decoding=\"async\" width=\"500\" height=\"500\" src=\"https:\/\/www.bovec-sc.si\/wp-content\/uploads\/2026\/02\/Glamping-Virje-Rooms-Apartments-Bovec-House-Soca-Valley-Kanin-Slovenia-Rafting-Kayak-Canyoning-Monster-Roller-Adventure-Park-Hiking-Cabins_00022_2-1-500x500.jpg\" class=\"attachment-500x500 size-500x500\" alt=\"Glamping-Virje-Rooms-Apartments-Bovec-House-Soca-Valley-Kanin-Slovenia-Rafting-Kayak-Canyoning-Monster-Roller-Adventure-Park-Hiking-Cabins_00022_2.jpg\" srcset=\"https:\/\/www.bovec-sc.si\/wp-content\/uploads\/2026\/02\/Glamping-Virje-Rooms-Apartments-Bovec-House-Soca-Valley-Kanin-Slovenia-Rafting-Kayak-Canyoning-Monster-Roller-Adventure-Park-Hiking-Cabins_00022_2-1-500x500.jpg 500w, https:\/\/www.bovec-sc.si\/wp-content\/uploads\/2026\/02\/Glamping-Virje-Rooms-Apartments-Bovec-House-Soca-Valley-Kanin-Slovenia-Rafting-Kayak-Canyoning-Monster-Roller-Adventure-Park-Hiking-Cabins_00022_2-1-150x150.jpg 150w\" sizes=\"auto, (max-width: 500px) 100vw, 500px\" title=\"Ups, izgubljena stran\">\n\t\t\t\t\t\t\t\t\t\t\t\t\t<\/a>\n\t\t\t\t\t\t\t\t\t\t\t<\/div>\n\t\t\t\t\t\t\t\t\t\t\t\t\t\t\t<div class=\"wd-gallery-item wd-col\">\n\t\t\t\t\t\t\t\t\t\t\t\t\t<a  href=\"https:\/\/www.bovec-sc.si\/wp-content\/uploads\/2026\/02\/Bovec-sport-Center_outdoor_01-1.jpg\" data-width=\"1600\" data-height=\"1067\" data-index=\"2\" data-elementor-open-lightbox=\"no\">\n\t\t\t\t\t\t\n\t\t\t\t\t\t<img loading=\"lazy\" decoding=\"async\" width=\"500\" height=\"500\" src=\"https:\/\/www.bovec-sc.si\/wp-content\/uploads\/2026\/02\/Bovec-sport-Center_outdoor_01-1-500x500.jpg\" class=\"attachment-500x500 size-500x500\" alt=\"Bovec-sport-Center_outdoor_01-1.jpg\" srcset=\"https:\/\/www.bovec-sc.si\/wp-content\/uploads\/2026\/02\/Bovec-sport-Center_outdoor_01-1-500x500.jpg 500w, https:\/\/www.bovec-sc.si\/wp-content\/uploads\/2026\/02\/Bovec-sport-Center_outdoor_01-1-150x150.jpg 150w\" sizes=\"auto, (max-width: 500px) 100vw, 500px\" title=\"Ups, izgubljena stran\">\n\t\t\t\t\t\t\t\t\t\t\t\t\t<\/a>\n\t\t\t\t\t\t\t\t\t\t\t<\/div>\n\t\t\t\t\t\t\t\t\t\t\t\t\t\t\t<div class=\"wd-gallery-item wd-col\">\n\t\t\t\t\t\t\t\t\t\t\t\t\t<a  href=\"https:\/\/www.bovec-sc.si\/wp-content\/uploads\/2026\/02\/Bovec-sport-Center_kayak_gv.jpg\" data-width=\"1280\" data-height=\"1280\" data-index=\"3\" data-elementor-open-lightbox=\"no\">\n\t\t\t\t\t\t\n\t\t\t\t\t\t<img loading=\"lazy\" decoding=\"async\" width=\"500\" height=\"500\" src=\"https:\/\/www.bovec-sc.si\/wp-content\/uploads\/2026\/02\/Bovec-sport-Center_kayak_gv-500x500.jpg\" class=\"attachment-500x500 size-500x500\" alt=\"Bovec-sport-Center_kayak_gv\" srcset=\"https:\/\/www.bovec-sc.si\/wp-content\/uploads\/2026\/02\/Bovec-sport-Center_kayak_gv-500x500.jpg 500w, https:\/\/www.bovec-sc.si\/wp-content\/uploads\/2026\/02\/Bovec-sport-Center_kayak_gv-300x300.jpg 300w, https:\/\/www.bovec-sc.si\/wp-content\/uploads\/2026\/02\/Bovec-sport-Center_kayak_gv-800x800.jpg 800w, https:\/\/www.bovec-sc.si\/wp-content\/uploads\/2026\/02\/Bovec-sport-Center_kayak_gv-150x150.jpg 150w, https:\/\/www.bovec-sc.si\/wp-content\/uploads\/2026\/02\/Bovec-sport-Center_kayak_gv-768x768.jpg 768w, https:\/\/www.bovec-sc.si\/wp-content\/uploads\/2026\/02\/Bovec-sport-Center_kayak_gv-430x430.jpg 430w, https:\/\/www.bovec-sc.si\/wp-content\/uploads\/2026\/02\/Bovec-sport-Center_kayak_gv-700x700.jpg 700w, https:\/\/www.bovec-sc.si\/wp-content\/uploads\/2026\/02\/Bovec-sport-Center_kayak_gv-100x100.jpg 100w, https:\/\/www.bovec-sc.si\/wp-content\/uploads\/2026\/02\/Bovec-sport-Center_kayak_gv.jpg 1280w\" sizes=\"auto, (max-width: 500px) 100vw, 500px\" title=\"Ups, izgubljena stran\">\n\t\t\t\t\t\t\t\t\t\t\t\t\t<\/a>\n\t\t\t\t\t\t\t\t\t\t\t<\/div>\n\t\t\t\t\t\t\t\t\t\t\t\t\t\t\t<div class=\"wd-gallery-item wd-col\">\n\t\t\t\t\t\t\t\t\t\t\t\t\t<a  href=\"https:\/\/www.bovec-sc.si\/wp-content\/uploads\/2026\/02\/Monster-roller_bovec_08.jpg\" data-width=\"1600\" data-height=\"1067\" data-index=\"4\" data-elementor-open-lightbox=\"no\">\n\t\t\t\t\t\t\n\t\t\t\t\t\t<img loading=\"lazy\" decoding=\"async\" width=\"500\" height=\"500\" src=\"https:\/\/www.bovec-sc.si\/wp-content\/uploads\/2026\/02\/Monster-roller_bovec_08-500x500.jpg\" class=\"attachment-500x500 size-500x500\" alt=\"Monster-roller_bovec_08\" srcset=\"https:\/\/www.bovec-sc.si\/wp-content\/uploads\/2026\/02\/Monster-roller_bovec_08-500x500.jpg 500w, https:\/\/www.bovec-sc.si\/wp-content\/uploads\/2026\/02\/Monster-roller_bovec_08-150x150.jpg 150w\" sizes=\"auto, (max-width: 500px) 100vw, 500px\" title=\"Ups, izgubljena stran\">\n\t\t\t\t\t\t\t\t\t\t\t\t\t<\/a>\n\t\t\t\t\t\t\t\t\t\t\t<\/div>\n\t\t\t\t\t\t\t\t\t\t\t\t\t\t\t<div class=\"wd-gallery-item wd-col\">\n\t\t\t\t\t\t\t\t\t\t\t\t\t<a  href=\"https:\/\/www.bovec-sc.si\/wp-content\/uploads\/2026\/02\/rafting-soca-river-bovec_SC_03.jpg\" data-width=\"1600\" data-height=\"1067\" data-index=\"5\" data-elementor-open-lightbox=\"no\">\n\t\t\t\t\t\t\n\t\t\t\t\t\t<img loading=\"lazy\" decoding=\"async\" width=\"500\" height=\"500\" src=\"https:\/\/www.bovec-sc.si\/wp-content\/uploads\/2026\/02\/rafting-soca-river-bovec_SC_03-500x500.jpg\" class=\"attachment-500x500 size-500x500\" alt=\"rafting-soca-river-bovec_SC_03\" srcset=\"https:\/\/www.bovec-sc.si\/wp-content\/uploads\/2026\/02\/rafting-soca-river-bovec_SC_03-500x500.jpg 500w, https:\/\/www.bovec-sc.si\/wp-content\/uploads\/2026\/02\/rafting-soca-river-bovec_SC_03-150x150.jpg 150w\" sizes=\"auto, (max-width: 500px) 100vw, 500px\" title=\"Ups, izgubljena stran\">\n\t\t\t\t\t\t\t\t\t\t\t\t\t<\/a>\n\t\t\t\t\t\t\t\t\t\t\t<\/div>\n\t\t\t\t\t\t\t\t\t\t\t\t\t\t\t<div class=\"wd-gallery-item wd-col\">\n\t\t\t\t\t\t\t\t\t\t\t\t\t<a  href=\"https:\/\/www.bovec-sc.si\/wp-content\/uploads\/2026\/02\/canyoning-bovec-sova-valley-07.jpg\" data-width=\"1600\" data-height=\"1067\" data-index=\"6\" data-elementor-open-lightbox=\"no\">\n\t\t\t\t\t\t\n\t\t\t\t\t\t<img loading=\"lazy\" decoding=\"async\" width=\"500\" height=\"500\" src=\"https:\/\/www.bovec-sc.si\/wp-content\/uploads\/2026\/02\/canyoning-bovec-sova-valley-07-500x500.jpg\" class=\"attachment-500x500 size-500x500\" alt=\"canyoning-bovec-sova-valley-07\" srcset=\"https:\/\/www.bovec-sc.si\/wp-content\/uploads\/2026\/02\/canyoning-bovec-sova-valley-07-500x500.jpg 500w, https:\/\/www.bovec-sc.si\/wp-content\/uploads\/2026\/02\/canyoning-bovec-sova-valley-07-150x150.jpg 150w\" sizes=\"auto, (max-width: 500px) 100vw, 500px\" title=\"Ups, izgubljena stran\">\n\t\t\t\t\t\t\t\t\t\t\t\t\t<\/a>\n\t\t\t\t\t\t\t\t\t\t\t<\/div>\n\t\t\t\t\t\t\t\t\t\t\t\t\t<\/div>\n\t\t\t\t\t<\/div>\n\t\t\t\t\t\t<\/div>\n\t\t\t\t<\/div>\n\t\t\t\t\t<\/div>\n\t\t\t\t<\/div>\n\t\t\t\t<\/div>\n\t\t","protected":false},"excerpt":{"rendered":"<p>ups, izgubljena stran Stran ni najdena (404) Stran, ki jo i\u0161\u010dete, ne obstaja ali pa je bila premaknjena. Kam \u017eelite<\/p>\n","protected":false},"author":1,"featured_media":0,"parent":0,"menu_order":24,"comment_status":"closed","ping_status":"closed","template":"","meta":{"_acf_changed":false,"iawp_total_views":3,"footnotes":""},"class_list":["post-3782","page","type-page","status-publish","hentry"],"acf":[],"_links":{"self":[{"href":"https:\/\/www.bovec-sc.si\/sl\/wp-json\/wp\/v2\/pages\/3782","targetHints":{"allow":["GET"]}}],"collection":[{"href":"https:\/\/www.bovec-sc.si\/sl\/wp-json\/wp\/v2\/pages"}],"about":[{"href":"https:\/\/www.bovec-sc.si\/sl\/wp-json\/wp\/v2\/types\/page"}],"author":[{"embeddable":true,"href":"https:\/\/www.bovec-sc.si\/sl\/wp-json\/wp\/v2\/users\/1"}],"replies":[{"embeddable":true,"href":"https:\/\/www.bovec-sc.si\/sl\/wp-json\/wp\/v2\/comments?post=3782"}],"version-history":[{"count":7,"href":"https:\/\/www.bovec-sc.si\/sl\/wp-json\/wp\/v2\/pages\/3782\/revisions"}],"predecessor-version":[{"id":3794,"href":"https:\/\/www.bovec-sc.si\/sl\/wp-json\/wp\/v2\/pages\/3782\/revisions\/3794"}],"wp:attachment":[{"href":"https:\/\/www.bovec-sc.si\/sl\/wp-json\/wp\/v2\/media?parent=3782"}],"curies":[{"name":"wp","href":"https:\/\/api.w.org\/{rel}","templated":true}]}}